{"id":1573,"date":"2025-04-30T20:12:25","date_gmt":"2025-04-30T19:12:25","guid":{"rendered":"https:\/\/www.weidmann-group.com\/about\/careers\/emerging-talent\/"},"modified":"2026-04-29T21:42:10","modified_gmt":"2026-04-29T20:42:10","slug":"nachwuchstalent","status":"publish","type":"page","link":"https:\/\/www.weidmann-group.com\/de\/uber\/karrieren\/nachwuchstalent\/","title":{"rendered":"Nachwuchstalente"},"content":{"rendered":"\n\n<div class=\"small-hero \">\n\n            <img decoding=\"async\" class=\"small-hero-image\"\n             src=\"https:\/\/www.weidmann-group.com\/wp-content\/uploads\/2025\/05\/JMZ5539_careers-emerging-talent-2-scaled.avif\"\n             alt=\"\"\n             style=\"object-position: 50% 5%; object-fit: cover;\">\n        <div class=\"small-hero-wrapper\">\n                            \n\n<h1 class=\"wp-block-heading has-weidmann-white-base-color has-text-color has-link-color wp-elements-3a4e870ea5d07ec307279ddf75cc1711\"><strong>Nachwuchstalente<\/strong><\/h1>\n\n\n                    <\/div>\n\n    \n<\/div>\n\n    <div class=\"sub-navigation is-overlapped\">\n        <ul class=\"sub-navigation-menu\">\n                            <li class=\"sub-navigation-menu-item \">\n                                            <a href=\"https:\/\/www.weidmann-group.com\/de\/uber\/unternehmensgeschichte\/\">\n                            Unternehmensgeschichte                        <\/a>\n                                    <\/li>\n                            <li class=\"sub-navigation-menu-item \">\n                                            <a href=\"https:\/\/www.weidmann-group.com\/de\/uber\/unternehmensfuehrung\/\">\n                            Unternehmensf\u00fchrung                        <\/a>\n                                    <\/li>\n                            <li class=\"sub-navigation-menu-item \">\n                                            <a href=\"https:\/\/www.weidmann-group.com\/de\/uber\/nachhaltigkeit\/\">\n                            Nachhaltigkeit                        <\/a>\n                                    <\/li>\n                            <li class=\"sub-navigation-menu-item \">\n                                            <a href=\"https:\/\/www.weidmann-group.com\/de\/uber\/kennzahlen\/\">\n                            Kennzahlen                        <\/a>\n                                    <\/li>\n                            <li class=\"sub-navigation-menu-item current-page-item\">\n                                            <a href=\"https:\/\/www.weidmann-group.com\/de\/uber\/karrieren\/\">\n                            <span>Karriere<\/span>\n                        <\/a>\n                                    <\/li>\n                            <li class=\"sub-navigation-menu-item \">\n                                            <a href=\"https:\/\/www.weidmann-group.com\/de\/uber\/unsere-standorte\/\">\n                            Unsere Standorte                        <\/a>\n                                    <\/li>\n                    <\/ul>\n    <\/div>\n\n<section class=\"wp-block-cite-wordpress-theme-section has-overlapping-decoration-none has-0-padding-y-top has-0-padding-y-bottom\"><div class=\"theme-section-inner container\"><div class=\"yoast-breadcrumbs\"><span><a href=\"https:\/\/www.weidmann-group.com\/de\/\"><svg xmlns=\"http:\/\/www.w3.org\/2000\/svg\" width=\"11\" height=\"10\" viewBox=\"0 0 11 10\" fill=\"none\">\n<path d=\"M10.9971 4.98926C10.9971 5.34075 10.7106 5.61609 10.3859 5.61609H9.77459L9.78797 8.74439C9.78797 8.79711 9.78415 8.84983 9.77841 8.90256V9.2189C9.77841 9.65046 9.43649 10 9.01433 10H8.70869C8.68768 10 8.66667 10 8.64565 9.99805C8.61891 10 8.59217 10 8.56542 10L7.9446 9.99805H7.48615C7.06399 9.99805 6.72206 9.64851 6.72206 9.21695V7.49854C6.72206 7.1529 6.4489 6.87366 6.11079 6.87366H4.88825C4.55014 6.87366 4.27698 7.1529 4.27698 7.49854V9.21695C4.27698 9.64851 3.93505 9.99805 3.51289 9.99805H2.44508C2.41643 9.99805 2.38777 9.99609 2.35912 9.99414C2.3362 9.99609 2.31328 9.99805 2.29035 9.99805H1.98472C1.56256 9.99805 1.22063 9.64851 1.22063 9.21695V7.02988C1.22063 7.0123 1.22063 6.99278 1.22254 6.9752V5.61414H0.61127C0.267431 5.61414 0 5.34075 0 4.98731C0 4.81156 0.0573066 4.65534 0.191022 4.51865L5.08692 0.156219C5.22063 0.0195274 5.37345 0 5.50716 0C5.64088 0 5.7937 0.0390549 5.90831 0.136692L10.787 4.5206C10.9398 4.65729 11.0162 4.81351 10.9971 4.98926Z\" fill=\"#DF3011\"\/>\n<\/svg><\/a> > <span><a href=\"https:\/\/www.weidmann-group.com\/de\/uber\/\">\u00dcber uns<\/a><\/span> > <span><a href=\"https:\/\/www.weidmann-group.com\/de\/about\/careers\/\">Karriere<\/a><\/span> > <span class=\"breadcrumb_last\" aria-current=\"page\">Nachwuchstalente<\/span><\/span><\/div>\n\n\n<section class=\"wp-block-cite-wordpress-theme-section heading-text-pattern has-overlapping-decoration-none has-7-padding-y-top has-4-padding-y-bottom\"><div class=\"theme-section-inner container\">\n<h2 class=\"wp-block-cite-wordpress-theme-heading has-mb-sm has-md-font-size\" id=\"why-choose-us\">Discover your potential at Weidmann<\/h2>\n\n\n\n<p class=\"has-text-align-left\">At Weidmann, we believe in shaping the future by investing in the people who will define it. Whether you are a high-performing student, a recent graduate, or starting your first internship, we offer you more than a stepping stone; we offer a launchpad.<\/p>\n\n\n\n<p>Von Technik und Produktion, \u00fcber kaufm\u00e4nnische Bereiche, bis hin zur Forschung und Entwicklung: Unsere Programme f\u00fcr Nachwuchstalente bieten dir praxisnahe Erfahrungen, professionelle Betreuung und den Raum, dich weiterzuentwickeln. Du arbeitest eng mit erfahrenen Fachkr\u00e4ften zusammen, tr\u00e4gst zu echten Projekten bei und wirst Teil eines Teams, das die globale Energiewende vorantreibt. <\/p>\n\n\n\n<p class=\"has-text-align-left\">Wir bilden nicht nur zuk\u00fcnftige Mitarbeitende aus \u2013 wir f\u00f6rdern und entwickeln die F\u00fchrungskr\u00e4fte von morgen. Wenn du etwas bewegen willst, freuen wir uns darauf, dich kennenzulernen. <\/p>\n\n\n\n    <div class=\"wp-block-weidmann-button-container\">\n        <div class=\"wp-block-weidmann-button primary is-align-left\">\n            <a href=\"https:\/\/www.weidmann-group.com\/de\/uber\/karrieren\/nachwuchstalent\/emerging-talent-application\/\"\n               target=\"\"\n               class=\"wp-block-button-link\">Lass uns kennenlernen<\/a>\n        <\/div>\n    <\/div>\n<\/div><\/section>\n<\/div><\/section>\n\n<section class=\"wp-block-cite-wordpress-theme-section has-overlapping-decoration-none has-0-padding-y-top has-0-padding-y-bottom\"><div class=\"theme-section-inner container\">\n<section class=\"wp-block-cite-wordpress-theme-section has-light-blue-base-background-color has-background has-overlapping-decoration-none has-0-padding-y-top has-0-padding-y-bottom\"><div class=\"theme-section-inner container\">\n<div class=\"wp-block-cite-wordpress-theme-alternating-columns\">\n<div class=\"wp-block-cite-wordpress-theme-alternating-column image-text has-image \">\n\n    \n        <div class=\"column-media align-items-center justify-content-center\">\n                                            <img decoding=\"async\" src=\"https:\/\/www.weidmann-group.com\/wp-content\/uploads\/2025\/05\/JMZ4610r-1-scaled.avif\" alt=\"\"\n                     style=\"object-position: 50% 5%;\">\n                    <\/div>\n\n    \n    <div class=\"column-content d-flex align-items-center justify-content-center\">\n        <div>\n            \n\n<h2 class=\"wp-block-heading\"><strong>Lehrstellen<br\/>und Praktika<\/strong><\/h2>\n\n\n\n<p>Praxisnahe Ausbildung und wertvolle Einblicke, begleitet von erfahrenen Mentoren. Verf\u00fcgbar in technischen, produzierenden und kaufm\u00e4nnischen Bereichen. <br\/><\/p>\n\n        <\/div>\n    <\/div>\n\n<\/div>\n\n\n\n<div class=\"wp-block-cite-wordpress-theme-alternating-column image-text reverse has-image \">\n\n    \n        <div class=\"column-media align-items-center justify-content-center\">\n                                            <img decoding=\"async\" src=\"https:\/\/www.weidmann-group.com\/wp-content\/uploads\/2025\/05\/250213_2979_HOLLIS-TIF-30065291619_r_1600x1200.avif\" alt=\"\"\n                     style=\"object-position: 40% 10%;\">\n                    <\/div>\n\n    \n    <div class=\"column-content d-flex align-items-center justify-content-center\">\n        <div>\n            \n\n<h2 class=\"wp-block-heading\"><strong>Einstiegspositionen f\u00fcr Absolvierende<\/strong><\/h2>\n\n\n\n<p>Strukturiertes Onboarding f\u00fcr Absolvierende von Hochschulen und Universit\u00e4ten mit unmittelbarer Verantwortungs\u00fcbernahme und individuellen Entwicklungspl\u00e4nen.<\/p>\n\n        <\/div>\n    <\/div>\n\n<\/div>\n\n\n\n<div class=\"wp-block-cite-wordpress-theme-alternating-column image-text has-image \">\n\n    \n        <div class=\"column-media align-items-center justify-content-center\">\n                                            <img decoding=\"async\" src=\"https:\/\/www.weidmann-group.com\/wp-content\/uploads\/2025\/05\/JMZ3430r-scaled.avif\" alt=\"\"\n                     style=\"object-position: 50% 5%;\">\n                    <\/div>\n\n    \n    <div class=\"column-content d-flex align-items-center justify-content-center\">\n        <div>\n            \n\n<h2 class=\"wp-block-heading\"><strong>Programme f\u00fcr Berufseinsteigende<\/strong><\/h2>\n\n\n\n<p>Arbeiten in internationalen Teams, bereichs\u00fcbergreifenden Projekten und die Chance f\u00fcr berufliches Weiterkommen.<br\/><\/p>\n\n        <\/div>\n    <\/div>\n\n<\/div>\n<\/div>\n\n\n\n<section class=\"wp-block-cite-wordpress-theme-section has-weidmann-white-base-background-color has-background has-overlapping-decoration-none has-7-padding-y-top has-7-padding-y-bottom\"><div class=\"theme-section-inner container\">\n<section class=\"wp-block-cite-wordpress-theme-section heading-text-pattern has-overlapping-decoration-none has-0-padding-y-top has-4-padding-y-bottom\"><div class=\"theme-section-inner has-md-container\">\n<h2 class=\"wp-block-cite-wordpress-theme-heading has-mb-sm has-md-font-size has-text-align-center\" id=\"why-choose-us\">Warum Weidmann der richtige Ort f\u00fcr Lernende ist<\/h2>\n\n\n\n<p class=\"has-text-align-center wp-block-cite-wordpress-theme-paragraph\">Weidmann engagiert sich f\u00fcr die Ausbildung der n\u00e4chsten Generation \u2013 mit Fokus auf Innovation, F\u00fchrungsqualit\u00e4ten und soziale Kompetenzen.<\/p>\n<\/div><\/section>\n\n\n\n<div class=\"wp-block-cite-wordpress-theme-icons three-columns\"><div class=\"blocks-cite-wordpress-theme-icons\"><div class=\"icons-inner\">\n<div class=\"col\"><figure class=\"wp-block-cite-wordpress-theme-icon-item wp-block-cite-wordpress-theme-icon\"><figcaption><img decoding=\"async\" src=\"https:\/\/www.weidmann-group.com\/wp-content\/uploads\/2025\/05\/icon-tick-electrical.svg\" alt=\"\" class=\"img-fluid\"><\/figcaption><p class=\"icon-text\">Erweitere dein theoretisches Wissen durch praxisnahe Erfahrungen<\/p><\/figure><\/div>\n\n\n\n<div class=\"col\"><figure class=\"wp-block-cite-wordpress-theme-icon-item wp-block-cite-wordpress-theme-icon\"><figcaption><img decoding=\"async\" src=\"https:\/\/www.weidmann-group.com\/wp-content\/uploads\/2025\/05\/icon-tick-electrical.svg\" alt=\"\" class=\"img-fluid\"><\/figcaption><p class=\"icon-text\">Vielf\u00e4ltige Einsatzm\u00f6glichkeiten in Produktion, technischen Berufen und B\u00fcrobereichen<\/p><\/figure><\/div>\n\n\n\n<div class=\"col\"><figure class=\"wp-block-cite-wordpress-theme-icon-item wp-block-cite-wordpress-theme-icon\"><figcaption><img decoding=\"async\" src=\"https:\/\/www.weidmann-group.com\/wp-content\/uploads\/2025\/05\/icon-tick-electrical.svg\" alt=\"\" class=\"img-fluid\"><\/figcaption><p class=\"icon-text\">St\u00e4rken deine Kommunikationsf\u00e4higkeiten im Austausch mit Mitarbeitenden, Vorgesetzten und Gesch\u00e4ftspartnern<\/p><\/figure><\/div>\n\n\n\n<div class=\"col\"><figure class=\"wp-block-cite-wordpress-theme-icon-item wp-block-cite-wordpress-theme-icon\"><figcaption><img decoding=\"async\" src=\"https:\/\/www.weidmann-group.com\/wp-content\/uploads\/2025\/05\/icon-tick-electrical.svg\" alt=\"\" class=\"img-fluid\"><\/figcaption><p class=\"icon-text\"> Lernene die Abl\u00e4ufe in einem global agierenden Unternehmen kennen<\/p><\/figure><\/div>\n\n\n\n<div class=\"col\"><figure class=\"wp-block-cite-wordpress-theme-icon-item wp-block-cite-wordpress-theme-icon\"><figcaption><img decoding=\"async\" src=\"https:\/\/www.weidmann-group.com\/wp-content\/uploads\/2025\/05\/icon-tick-electrical.svg\" alt=\"\" class=\"img-fluid\"><\/figcaption><p class=\"icon-text\">Baue deinen Lebenslauf durch handfeste Erfolge weiter aus<\/p><\/figure><\/div>\n<\/div><\/div><\/div>\n<\/div><\/section>\n<\/div><\/section>\n<\/div><\/section>\n\n\n<section class=\"wp-cite-wordpress-theme-section cta-strip-section \">\n    <div class=\"container theme-section-inner\">\n        <div class=\"cta-strip-content\">\n                            <h2 class=\"cta-strip-title\">Erz\u00e4hle uns von dir, um dein Potential zu erkennen.<\/h2>\n            \n            <div class=\"cta-strip-cta-container\">\n                                                    <div class=\"wp-block-weidmann-link-container\">\n                        <div class=\"wp-block-weidmann-link secondary\">\n                            <a class=\"cta-strip-link wp-block-link-target\"\n                               href=\"https:\/\/www.weidmann-group.com\/de\/uber\/karrieren\/nachwuchstalent\/emerging-talent-application\/\">Lass uns kennenlernen                                <svg width=\"27\" height=\"16\" viewBox=\"0 0 27 16\" fill=\"none\"\n                                     xmlns=\"http:\/\/www.w3.org\/2000\/svg\">\n                                    <path d=\"M1.66406 7.24194C1.11178 7.24194 0.664063 7.68966 0.664062 8.24194C0.664062 8.79423 1.11178 9.24194 1.66406 9.24194L1.66406 7.24194ZM26.3712 8.94905C26.7617 8.55853 26.7617 7.92536 26.3712 7.53484L20.0072 1.17088C19.6167 0.780353 18.9835 0.780353 18.593 1.17088C18.2025 1.5614 18.2025 2.19457 18.593 2.58509L24.2498 8.24195L18.593 13.8988C18.2025 14.2893 18.2025 14.9225 18.593 15.313C18.9835 15.7035 19.6167 15.7035 20.0072 15.313L26.3712 8.94905ZM1.66406 9.24194L25.6641 9.24195L25.6641 7.24195L1.66406 7.24194L1.66406 9.24194Z\"\n                                          fill=\"#32BCAD\"\/>\n                                <\/svg>\n                            <\/a>\n                        <\/div>\n                    <\/div>\n                            <\/div>\n        <\/div>\n    <\/div>\n<\/section>\n\n<section class=\"wp-block-cite-wordpress-theme-section has-light-blue-base-background-color has-background has-overlapping-decoration-none has-8-padding-y-top has-8-padding-y-bottom\"><div class=\"theme-section-inner container\">\n<h2 class=\"wp-block-cite-wordpress-theme-heading has-mb-spacing-38 has-h3-font-size\" id=\"latest-from-weidmann\"><strong>Aktuelles von Weidmann<\/strong><\/h2>\n\n\n\n<div class=\"wp-block-cite-theme-dynamic-signposts three-columns\">\n\t<div class=\"dynamic-signposts-inner\">\n\t\t\n<div class=\"card-has-image\">\n    <div class=\"card signpost-card card-has-image\">\n                    <div class=\"card-images\">\n                <a href=\"https:\/\/www.weidmann-group.com\/de\/news\/from-ukraine-to-the-uk-olena-ihnatenkos-year-of-culture-challenges-and-change\/\"\n                   target=\"_blank\">\n                    <img loading=\"lazy\" decoding=\"async\" src=\"https:\/\/www.weidmann-group.com\/wp-content\/uploads\/2025\/05\/Ihnatenk-740x510-1.avif\" width=\"740\" height=\"510\" alt=\"\" class=\"img-fluid card-img-top card-img\">                <\/a>\n            <\/div>\n        \n        <div class=\"card-body\">\n            <li class=\"post-type\">\n                News                            <\/li>\n            <h3 class=\"signpost-card-heading\">\n                <a href=\"https:\/\/www.weidmann-group.com\/de\/news\/from-ukraine-to-the-uk-olena-ihnatenkos-year-of-culture-challenges-and-change\/ \"\n                   target=\"_blank\">\n                    From Ukraine to the UK: Olena Ihnatenko\u2019s Year of Culture, Challenges, and Change                <\/a>\n            <\/h3>\n\n                            <ul class=\"post-meta\">\n                    \n                                            <li class=\"post-date\">27 August 2024<\/li>\n                                    <\/ul>\n                    <\/div>\n    <\/div>\n<\/div>\n\n<div class=\"card-has-image\">\n    <div class=\"card signpost-card card-has-image\">\n                    <div class=\"card-images\">\n                <a href=\"https:\/\/www.weidmann-group.com\/de\/news\/employee-spotlight-jose-fuentes\/\"\n                   target=\"_blank\">\n                    <img loading=\"lazy\" decoding=\"async\" src=\"https:\/\/www.weidmann-group.com\/wp-content\/uploads\/2025\/05\/ES-Fuentes-740x510-1.avif\" width=\"740\" height=\"510\" alt=\"\" class=\"img-fluid card-img-top card-img\">                <\/a>\n            <\/div>\n        \n        <div class=\"card-body\">\n            <li class=\"post-type\">\n                News                            <\/li>\n            <h3 class=\"signpost-card-heading\">\n                <a href=\"https:\/\/www.weidmann-group.com\/de\/news\/employee-spotlight-jose-fuentes\/ \"\n                   target=\"_blank\">\n                    Employee Spotlight: Jos\u00e9 Fuentes                <\/a>\n            <\/h3>\n\n                            <ul class=\"post-meta\">\n                    \n                                            <li class=\"post-date\">01 Juni 2024<\/li>\n                                    <\/ul>\n                    <\/div>\n    <\/div>\n<\/div>\n\n<div class=\"card-has-image\">\n    <div class=\"card signpost-card card-has-image\">\n                    <div class=\"card-images\">\n                <a href=\"https:\/\/www.weidmann-group.com\/de\/news\/thomas-a-prevost-elevated-to-ieee-fellow-status\/\"\n                   target=\"_blank\">\n                    <img loading=\"lazy\" decoding=\"async\" width=\"740\" height=\"510\" src=\"https:\/\/www.weidmann-group.com\/wp-content\/uploads\/2025\/04\/Tom-Prevost-IEEE-Fellow-Status-png-e1745768528238-740x510.jpg\" class=\"img-fluid card-img-top card-img wp-post-image\" alt=\"\" \/>                <\/a>\n            <\/div>\n        \n        <div class=\"card-body\">\n            <li class=\"post-type\">\n                News                            <\/li>\n            <h3 class=\"signpost-card-heading\">\n                <a href=\"https:\/\/www.weidmann-group.com\/de\/news\/thomas-a-prevost-elevated-to-ieee-fellow-status\/ \"\n                   target=\"_blank\">\n                    Thomas A. Prevost \u2013 Elevated to IEEE Fellow Status                <\/a>\n            <\/h3>\n\n                            <ul class=\"post-meta\">\n                    \n                                            <li class=\"post-date\">27 Dezember 2023<\/li>\n                                    <\/ul>\n                    <\/div>\n    <\/div>\n<\/div>\n\t<\/div>\n<\/div><\/div><\/section>\n\n<p><\/p>\n","protected":false},"excerpt":{"rendered":"","protected":false},"author":7,"featured_media":0,"parent":1571,"menu_order":0,"comment_status":"closed","ping_status":"closed","template":"","meta":{"_acf_changed":false,"footnotes":""},"class_list":["post-1573","page","type-page","status-publish","hentry"],"acf":[],"yoast_head":"<!-- This site is optimized with the Yoast SEO plugin v27.5 - https:\/\/yoast.com\/product\/yoast-seo-wordpress\/ -->\n<title>Nachwuchstalente - Weidmann Group<\/title>\n<meta name=\"robots\" content=\"index, follow, max-snippet:-1, max-image-preview:large, max-video-preview:-1\" \/>\n<link rel=\"canonical\" href=\"https:\/\/www.weidmann-group.com\/de\/uber\/karrieren\/nachwuchstalent\/\" \/>\n<meta property=\"og:locale\" content=\"de_DE\" \/>\n<meta property=\"og:type\" content=\"article\" \/>\n<meta property=\"og:title\" content=\"Nachwuchstalente - Weidmann Group\" \/>\n<meta property=\"og:url\" content=\"https:\/\/www.weidmann-group.com\/de\/uber\/karrieren\/nachwuchstalent\/\" \/>\n<meta property=\"og:site_name\" content=\"Weidmann Group\" \/>\n<meta property=\"article:modified_time\" content=\"2026-04-29T20:42:10+00:00\" \/>\n<meta property=\"og:image\" content=\"https:\/\/www.weidmann-group.com\/wp-content\/uploads\/2025\/05\/icon-tick-electrical.svg\" \/>\n<meta name=\"twitter:card\" content=\"summary_large_image\" \/>\n<meta name=\"twitter:label1\" content=\"Est. reading time\" \/>\n\t<meta name=\"twitter:data1\" content=\"3 Minuten\" \/>\n<script type=\"application\/ld+json\" class=\"yoast-schema-graph\">{\"@context\":\"https:\\\/\\\/schema.org\",\"@graph\":[{\"@type\":\"WebPage\",\"@id\":\"https:\\\/\\\/www.weidmann-group.com\\\/de\\\/uber\\\/karrieren\\\/nachwuchstalent\\\/\",\"url\":\"https:\\\/\\\/www.weidmann-group.com\\\/de\\\/uber\\\/karrieren\\\/nachwuchstalent\\\/\",\"name\":\"Nachwuchstalente - Weidmann Group\",\"isPartOf\":{\"@id\":\"https:\\\/\\\/www.weidmann-group.com\\\/de\\\/#website\"},\"primaryImageOfPage\":{\"@id\":\"https:\\\/\\\/www.weidmann-group.com\\\/de\\\/uber\\\/karrieren\\\/nachwuchstalent\\\/#primaryimage\"},\"image\":{\"@id\":\"https:\\\/\\\/www.weidmann-group.com\\\/de\\\/uber\\\/karrieren\\\/nachwuchstalent\\\/#primaryimage\"},\"thumbnailUrl\":\"https:\\\/\\\/www.weidmann-group.com\\\/wp-content\\\/uploads\\\/2025\\\/05\\\/icon-tick-electrical.svg\",\"datePublished\":\"2025-04-30T19:12:25+00:00\",\"dateModified\":\"2026-04-29T20:42:10+00:00\",\"breadcrumb\":{\"@id\":\"https:\\\/\\\/www.weidmann-group.com\\\/de\\\/uber\\\/karrieren\\\/nachwuchstalent\\\/#breadcrumb\"},\"inLanguage\":\"de-DE\",\"potentialAction\":[{\"@type\":\"ReadAction\",\"target\":[\"https:\\\/\\\/www.weidmann-group.com\\\/de\\\/uber\\\/karrieren\\\/nachwuchstalent\\\/\"]}]},{\"@type\":\"ImageObject\",\"inLanguage\":\"de-DE\",\"@id\":\"https:\\\/\\\/www.weidmann-group.com\\\/de\\\/uber\\\/karrieren\\\/nachwuchstalent\\\/#primaryimage\",\"url\":\"https:\\\/\\\/www.weidmann-group.com\\\/wp-content\\\/uploads\\\/2025\\\/05\\\/icon-tick-electrical.svg\",\"contentUrl\":\"https:\\\/\\\/www.weidmann-group.com\\\/wp-content\\\/uploads\\\/2025\\\/05\\\/icon-tick-electrical.svg\"},{\"@type\":\"BreadcrumbList\",\"@id\":\"https:\\\/\\\/www.weidmann-group.com\\\/de\\\/uber\\\/karrieren\\\/nachwuchstalent\\\/#breadcrumb\",\"itemListElement\":[{\"@type\":\"ListItem\",\"position\":1,\"name\":\"Home\",\"item\":\"https:\\\/\\\/www.weidmann-group.com\\\/de\\\/\"},{\"@type\":\"ListItem\",\"position\":2,\"name\":\"\u00dcber uns\",\"item\":\"https:\\\/\\\/www.weidmann-group.com\\\/de\\\/uber\\\/\"},{\"@type\":\"ListItem\",\"position\":3,\"name\":\"Karriere\",\"item\":\"https:\\\/\\\/www.weidmann-group.com\\\/de\\\/about\\\/careers\\\/\"},{\"@type\":\"ListItem\",\"position\":4,\"name\":\"Nachwuchstalente\"}]},{\"@type\":\"WebSite\",\"@id\":\"https:\\\/\\\/www.weidmann-group.com\\\/de\\\/#website\",\"url\":\"https:\\\/\\\/www.weidmann-group.com\\\/de\\\/\",\"name\":\"Weidmann Group\",\"description\":\"\",\"potentialAction\":[{\"@type\":\"SearchAction\",\"target\":{\"@type\":\"EntryPoint\",\"urlTemplate\":\"https:\\\/\\\/www.weidmann-group.com\\\/de\\\/?s={search_term_string}\"},\"query-input\":{\"@type\":\"PropertyValueSpecification\",\"valueRequired\":true,\"valueName\":\"search_term_string\"}}],\"inLanguage\":\"de-DE\"}]}<\/script>\n<!-- \/ Yoast SEO plugin. -->","yoast_head_json":{"title":"Nachwuchstalente - Weidmann Group","robots":{"index":"index","follow":"follow","max-snippet":"max-snippet:-1","max-image-preview":"max-image-preview:large","max-video-preview":"max-video-preview:-1"},"canonical":"https:\/\/www.weidmann-group.com\/de\/uber\/karrieren\/nachwuchstalent\/","og_locale":"de_DE","og_type":"article","og_title":"Nachwuchstalente - Weidmann Group","og_url":"https:\/\/www.weidmann-group.com\/de\/uber\/karrieren\/nachwuchstalent\/","og_site_name":"Weidmann Group","article_modified_time":"2026-04-29T20:42:10+00:00","og_image":[{"url":"https:\/\/www.weidmann-group.com\/wp-content\/uploads\/2025\/05\/icon-tick-electrical.svg","type":"","width":"","height":""}],"twitter_card":"summary_large_image","twitter_misc":{"Est. reading time":"3 Minuten"},"schema":{"@context":"https:\/\/schema.org","@graph":[{"@type":"WebPage","@id":"https:\/\/www.weidmann-group.com\/de\/uber\/karrieren\/nachwuchstalent\/","url":"https:\/\/www.weidmann-group.com\/de\/uber\/karrieren\/nachwuchstalent\/","name":"Nachwuchstalente - Weidmann Group","isPartOf":{"@id":"https:\/\/www.weidmann-group.com\/de\/#website"},"primaryImageOfPage":{"@id":"https:\/\/www.weidmann-group.com\/de\/uber\/karrieren\/nachwuchstalent\/#primaryimage"},"image":{"@id":"https:\/\/www.weidmann-group.com\/de\/uber\/karrieren\/nachwuchstalent\/#primaryimage"},"thumbnailUrl":"https:\/\/www.weidmann-group.com\/wp-content\/uploads\/2025\/05\/icon-tick-electrical.svg","datePublished":"2025-04-30T19:12:25+00:00","dateModified":"2026-04-29T20:42:10+00:00","breadcrumb":{"@id":"https:\/\/www.weidmann-group.com\/de\/uber\/karrieren\/nachwuchstalent\/#breadcrumb"},"inLanguage":"de-DE","potentialAction":[{"@type":"ReadAction","target":["https:\/\/www.weidmann-group.com\/de\/uber\/karrieren\/nachwuchstalent\/"]}]},{"@type":"ImageObject","inLanguage":"de-DE","@id":"https:\/\/www.weidmann-group.com\/de\/uber\/karrieren\/nachwuchstalent\/#primaryimage","url":"https:\/\/www.weidmann-group.com\/wp-content\/uploads\/2025\/05\/icon-tick-electrical.svg","contentUrl":"https:\/\/www.weidmann-group.com\/wp-content\/uploads\/2025\/05\/icon-tick-electrical.svg"},{"@type":"BreadcrumbList","@id":"https:\/\/www.weidmann-group.com\/de\/uber\/karrieren\/nachwuchstalent\/#breadcrumb","itemListElement":[{"@type":"ListItem","position":1,"name":"Home","item":"https:\/\/www.weidmann-group.com\/de\/"},{"@type":"ListItem","position":2,"name":"\u00dcber uns","item":"https:\/\/www.weidmann-group.com\/de\/uber\/"},{"@type":"ListItem","position":3,"name":"Karriere","item":"https:\/\/www.weidmann-group.com\/de\/about\/careers\/"},{"@type":"ListItem","position":4,"name":"Nachwuchstalente"}]},{"@type":"WebSite","@id":"https:\/\/www.weidmann-group.com\/de\/#website","url":"https:\/\/www.weidmann-group.com\/de\/","name":"Weidmann Group","description":"","potentialAction":[{"@type":"SearchAction","target":{"@type":"EntryPoint","urlTemplate":"https:\/\/www.weidmann-group.com\/de\/?s={search_term_string}"},"query-input":{"@type":"PropertyValueSpecification","valueRequired":true,"valueName":"search_term_string"}}],"inLanguage":"de-DE"}]}},"_links":{"self":[{"href":"https:\/\/www.weidmann-group.com\/de\/wp-json\/wp\/v2\/pages\/1573","targetHints":{"allow":["GET"]}}],"collection":[{"href":"https:\/\/www.weidmann-group.com\/de\/wp-json\/wp\/v2\/pages"}],"about":[{"href":"https:\/\/www.weidmann-group.com\/de\/wp-json\/wp\/v2\/types\/page"}],"author":[{"embeddable":true,"href":"https:\/\/www.weidmann-group.com\/de\/wp-json\/wp\/v2\/users\/7"}],"replies":[{"embeddable":true,"href":"https:\/\/www.weidmann-group.com\/de\/wp-json\/wp\/v2\/comments?post=1573"}],"version-history":[{"count":5,"href":"https:\/\/www.weidmann-group.com\/de\/wp-json\/wp\/v2\/pages\/1573\/revisions"}],"predecessor-version":[{"id":6768,"href":"https:\/\/www.weidmann-group.com\/de\/wp-json\/wp\/v2\/pages\/1573\/revisions\/6768"}],"up":[{"embeddable":true,"href":"https:\/\/www.weidmann-group.com\/de\/wp-json\/wp\/v2\/pages\/1571"}],"wp:attachment":[{"href":"https:\/\/www.weidmann-group.com\/de\/wp-json\/wp\/v2\/media?parent=1573"}],"curies":[{"name":"wp","href":"https:\/\/api.w.org\/{rel}","templated":true}]}}